{"id":211,"date":"2013-07-03T08:41:46","date_gmt":"2013-07-03T08:41:46","guid":{"rendered":"http:\/\/rosaobiols.cat\/?page_id=211"},"modified":"2020-10-16T08:10:14","modified_gmt":"2020-10-16T08:10:14","slug":"contacte","status":"publish","type":"page","link":"https:\/\/rosaobiols.cat\/es\/contacte\/","title":{"rendered":"Buz\u00f3n"},"content":{"rendered":"<p><strong><span style=\"font-family: arial, helvetica, sans-serif; font-size: 14pt; color: #333333;\">C\u00f3mo adquirir una pieza<\/span><\/strong><\/p>\n<p><span style=\"font-family: arial, helvetica, sans-serif; font-size: 14pt; color: #333333;\"><span style=\"font-size: 10pt; color: #808080;\">Si desea recibir informaci\u00f3n, si est\u00e1n interesados \u200b\u200ben adquirir alguno de los trabajos o desea un encargo especial, p\u00f3ngase en contacto con nosotros, indicando su nombre y apellido, mail, n\u00famero de tel\u00e9fono y asunto. En caso de que estuviera interesados \u200b\u200ben una pieza determinada, ind\u00edquenos el nombre de la pieza y el n\u00famero de referencia. Puede contactarnos a trav\u00e9s del formulario web, mediante el correo electr\u00f3nico o llam\u00e1ndonos directamente.<\/span><\/span><\/p>\n<p><strong><span style=\"font-family: arial, helvetica, sans-serif; font-size: 14pt; color: #333333;\">Pago<\/span><\/strong><\/p>\n<p><span style=\"font-size: 10pt; color: #808080; font-family: arial, helvetica, sans-serif;\">El pago se efectuar\u00e1 mediante transferencia bancaria, contra reembolso, o al contado en el caso de que est\u00e9 en Catalu\u00f1a y le llev\u00e1ramos la pieza personalmente.<\/span><strong><span style=\"font-family: arial, helvetica, sans-serif; font-size: 14pt; color: #333333;\"><br \/>\n<\/span><\/strong><strong><span style=\"font-size: 14pt; color: #000000;\"><br \/>\n<span style=\"font-family: arial, helvetica, sans-serif;\">Tiempo de espera<\/span><\/span><\/strong><\/p>\n<p><span style=\"font-family: arial, helvetica, sans-serif; font-size: 10pt; color: #808080;\">La mayor\u00eda de nuestras pinturas son piezas \u00fanicas y se elaboran artesanalmente en nuestro taller. Si el producto que desea est\u00e1 disponible, podremos hacer el env\u00edo justo despu\u00e9s de confirmar el pago. En caso de que no lo est\u00e9, sea un encargo, o con alg\u00fan tipo de variaci\u00f3n, sobre medida, madera &#8230; puede variar el momento de la entrega en funci\u00f3n del tiempo de elaboraci\u00f3n de la pieza. En este caso ser\u00e9is debidamente informados.<\/span><\/p>\n<p><span style=\"color: #000000;\"><strong><span style=\"font-family: arial, helvetica, sans-serif; font-size: 14pt;\">Env\u00edo<\/span><\/strong><\/span><\/p>\n<p><span style=\"font-family: arial, helvetica, sans-serif; font-size: 10pt; color: #808080;\">&#8211; Todas las piezas ser\u00e1n debidamente protegidas con doble capa de pl\u00e1stico de burbujas y cart\u00f3n, para asegurar que le lleguen en perfectas condiciones.<\/span><\/p>\n<p><span style=\"font-family: arial, helvetica, sans-serif; font-size: 10pt; color: #808080;\">&#8211; Enviamos las piezas por correo certificado, pero tambi\u00e9n podemos ofrecerle un env\u00edo r\u00e1pido con agencia de transporte, tipo Postal Expr\u00e9s, MRW, UPS &#8230;<\/span><\/p>\n<p><span style=\"font-family: arial, helvetica, sans-serif; font-size: 10pt; color: #808080;\">&#8211; Los env\u00edos a Europa tardan unos 3-5 d\u00edas. Los env\u00edos fuera de Europa pueden tardar unos 7-10 d\u00edas.<\/span><\/p>\n<p><span style=\"font-family: arial, helvetica, sans-serif; font-size: 10pt; color: #808080;\">&#8211; Los precios del env\u00edo se detallar\u00e1n en cada caso, dependiendo del destino.<\/span><\/p>\n<p><span style=\"color: #ffffff;\">.<\/span><\/p>\n<p><span style=\"color: #ffffff;\">.<\/span><\/p>\n<p><span style=\"font-family: arial, helvetica, sans-serif; font-size: 12pt; color: #808080;\"><strong>Rosa Obiols Segu\u00e9s<\/strong><\/span><br \/>\n<span style=\"font-family: arial, helvetica, sans-serif; font-size: 12pt; color: #808080;\"> Tel. 687171378<\/span><br \/>\n<span style=\"font-family: arial, helvetica, sans-serif; font-size: 12pt; color: #808080;\"> <a href=\"mailto: mail@rosaobiols.cat\"><span style=\"color: #808080;\">mail@rosaobiols.cat<\/span><\/a><\/span><\/p>\n<p><span style=\"color: #222222;\">\n\n<!-- Fast Secure Contact Form plugin 4.0.37 - begin - FastSecureContactForm.com -->\r\n<div style=\"clear:both;\"><\/div>\n<p>Envie sus comentarios o consultas.<\/p>\r\n<div id=\"FSContact2\" style=\"width:375px;\">\r\n<form action=\"\/es\/wp-json\/wp\/v2\/pages\/211#FSContact2\" id=\"fscf_form2\" method=\"post\">\r\n\n<div id=\"fscf_required2\">\n  <span style=\"text-align:left;\">*<\/span> <span style=\"text-align:left;\">Campos requeridos<\/span>\n<\/div>\n\n\n<div id=\"fscf_div_clear2_0\" style=\"clear:both;\">\n  <div id=\"fscf_div_field2_0\" style=\"clear:left; float:left; width:99%; max-width:550px; margin-right:10px;\">\r\n    <div style=\"text-align:left; padding-top:5px;\">\n      <label style=\"text-align:left;\" for=\"fscf_name2\">Nombre<span style=\"text-align:left;\">*<\/span><\/label>\n    <\/div>\r\n    <div style=\"text-align:left;\">\r\n      <input style=\"text-align:left; margin:0;\" type=\"text\" id=\"fscf_name2\" name=\"full_name\" value=\"\"  \/>\r\n    <\/div>\r\n  <\/div>\n<\/div>\n\n<div id=\"fscf_div_clear2_1\" style=\"clear:both;\">\n  <div id=\"fscf_div_field2_1\" style=\"clear:left; float:left; width:99%; max-width:550px; margin-right:10px;\">\n    <div style=\"text-align:left; padding-top:5px;\">\n      <label style=\"text-align:left;\" for=\"fscf_email2\">Su correo electr\u00f3nico<span style=\"text-align:left;\">*<\/span><\/label>\n    <\/div>\n    <div style=\"text-align:left;\">\n      <input style=\"text-align:left; margin:0;\" type=\"text\" id=\"fscf_email2\" name=\"email\" value=\"\"  \/>\n    <\/div>\n  <\/div>\n<\/div>\n\n<div id=\"fscf_div_clear2_2\" style=\"clear:both;\">\n  <div id=\"fscf_div_field2_2\" style=\"clear:left; float:left; width:99%; max-width:550px; margin-right:10px;\">\n    <div style=\"text-align:left; padding-top:5px;\">\n      <label style=\"text-align:left;\" for=\"fscf_field2_2\">Asunto<span style=\"text-align:left;\">*<\/span><\/label>\n    <\/div>\n    <div style=\"text-align:left;\">\n      <input style=\"text-align:left; margin:0;\" type=\"text\" id=\"fscf_field2_2\" name=\"subject\" value=\"\"  \/>\n    <\/div>\n  <\/div>\n<\/div>\n\n<div id=\"fscf_div_clear2_3\" style=\"clear:both;\">\n  <div id=\"fscf_div_field2_3\" style=\"clear:left; float:left; width:99%; max-width:550px; margin-right:10px;\">\n    <div style=\"text-align:left; padding-top:5px;\">\n      <label style=\"text-align:left;\" for=\"fscf_field2_3\">Mensaje<span style=\"text-align:left;\">*<\/span><\/label>\n    <\/div>\n    <div style=\"text-align:left;\">\n      <textarea style=\"text-align:left; margin:0; width:99%; max-width:250px; height:120px;\" id=\"fscf_field2_3\" name=\"message\" cols=\"30\" rows=\"10\" ><\/textarea>\n    <\/div>\n  <\/div>\n<\/div>\r\n<div style=\"clear:both;\"><\/div>\n\n<div style=\"text-align:left; padding-top:5px;\">\n<\/div>\n<div id=\"fscf_captcha_image_div2\" style=\"width:250px; height:65px; padding-top:2px;\">\n      <img loading=\"lazy\" decoding=\"async\" id=\"fscf_captcha_image2\" style=\"border-style:none; margin:0; padding:0px; padding-right:5px; float:left;\" src=\"https:\/\/rosaobiols.cat\/wp-content\/plugins\/si-contact-form\/captcha\/securimage_show.php?prefix=0oB9Ig7Nngkm0RFN\" width=\"175\" height=\"60\" alt=\"Imagen CAPTCHA\" title=\"Imagen CAPTCHA\" \/>\n      <input id=\"fscf_captcha_prefix2\" type=\"hidden\" name=\"fscf_captcha_prefix2\" value=\"0oB9Ig7Nngkm0RFN\" \/>\n     <div id=\"fscf_captcha_refresh2\">\n        <a href=\"#\" rel=\"nofollow\" title=\"Depurar imagen\" onclick=\"fscf_captcha_refresh('2','\/wp-content\/plugins\/si-contact-form\/captcha','https:\/\/rosaobiols.cat\/wp-content\/plugins\/si-contact-form\/captcha\/securimage_show.php?prefix='); return false;\">\n        <img loading=\"lazy\" decoding=\"async\" src=\"https:\/\/rosaobiols.cat\/wp-content\/plugins\/si-contact-form\/captcha\/images\/refresh.png\" width=\"22\" height=\"20\" alt=\"Depurar imagen\" style=\"border-style:none; margin:0; padding:0px; vertical-align:bottom;\" onclick=\"this.blur();\" \/><\/a>\r\n     <\/div>\r\n<\/div>\r\n\r\n<div id=\"fscf_captcha_field2\" style=\"text-align:left; padding-top:5px;\">\r\n     <label style=\"text-align:left;\" for=\"fscf_captcha_code2\">C\u00f3digo CAPTCHA:<span style=\"text-align:left;\">*<\/span><\/label>\r\n<\/div>\r\n<div style=\"text-align:left;\">\n     <input style=\"text-align:left; margin:0; width:50px;\" type=\"text\" value=\"\" id=\"fscf_captcha_code2\" name=\"captcha_code\"  \/>\n<\/div>\n\n<div id=\"fscf_submit_div2\" style=\"text-align:left; padding-top:2px;\">\r\n\t\t<input type=\"submit\" id=\"fscf_submit2\" style=\"cursor:pointer; margin:0;\" value=\"Enviar\"  onclick=\"this.disabled=true; this.value='Enviando....'; this.form.submit();\" \/> \n<\/div>\n\n<input type=\"hidden\" name=\"fscf_submitted\" value=\"0\" \/>\n<input type=\"hidden\" name=\"fs_postonce_2\" value=\"cd737bfb47a2a489219b3856d0080289,1777382982\" \/>\n<input type=\"hidden\" name=\"si_contact_action\" value=\"send\" \/>\n<input type=\"hidden\" name=\"form_id\" value=\"2\" \/>\n<input type=\"hidden\" name=\"mailto_id\" value=\"1\" \/>\n\n<\/form>\n<\/div>\r\n<div style=\"clear:both;\"><\/div>\n\n<!-- Fast Secure Contact Form plugin 4.0.37 - end - FastSecureContactForm.com -->\n<\/span><\/p>","protected":false},"excerpt":{"rendered":"<p>C\u00f3mo adquirir una pieza Si desea recibir informaci\u00f3n, si est\u00e1n interesados \u200b\u200ben adquirir alguno de los trabajos o desea un encargo especial, p\u00f3ngase en contacto con nosotros, indicando su nombre y apellido, mail, n\u00famero de tel\u00e9fono y asunto. En caso de que estuviera interesados \u200b\u200ben una pieza determinada, ind\u00edquenos el nombre de la pieza y el n\u00famero de referencia. Puede contactarnos a trav\u00e9s del formulario web, mediante el correo electr\u00f3nico o llam\u00e1ndonos directamente. Pago El pago se efectuar\u00e1 mediante transferencia bancaria, contra reembolso, o al contado en el caso de que est\u00e9 en Catalu\u00f1a y le llev\u00e1ramos la pieza personalmente. Tiempo de espera La mayor\u00eda de nuestras pinturas son piezas [&hellip;]<\/p>\n","protected":false},"author":1,"featured_media":0,"parent":0,"menu_order":0,"comment_status":"open","ping_status":"open","template":"","meta":{"footnotes":""},"class_list":["post-211","page","type-page","status-publish","hentry"],"_links":{"self":[{"href":"https:\/\/rosaobiols.cat\/es\/wp-json\/wp\/v2\/pages\/211","targetHints":{"allow":["GET"]}}],"collection":[{"href":"https:\/\/rosaobiols.cat\/es\/wp-json\/wp\/v2\/pages"}],"about":[{"href":"https:\/\/rosaobiols.cat\/es\/wp-json\/wp\/v2\/types\/page"}],"author":[{"embeddable":true,"href":"https:\/\/rosaobiols.cat\/es\/wp-json\/wp\/v2\/users\/1"}],"replies":[{"embeddable":true,"href":"https:\/\/rosaobiols.cat\/es\/wp-json\/wp\/v2\/comments?post=211"}],"version-history":[{"count":40,"href":"https:\/\/rosaobiols.cat\/es\/wp-json\/wp\/v2\/pages\/211\/revisions"}],"predecessor-version":[{"id":5517,"href":"https:\/\/rosaobiols.cat\/es\/wp-json\/wp\/v2\/pages\/211\/revisions\/5517"}],"wp:attachment":[{"href":"https:\/\/rosaobiols.cat\/es\/wp-json\/wp\/v2\/media?parent=211"}],"curies":[{"name":"wp","href":"https:\/\/api.w.org\/{rel}","templated":true}]}}